{"id":11493,"date":"2019-06-19T09:59:48","date_gmt":"2019-06-19T07:59:48","guid":{"rendered":"http:\/\/www.ons-stolwijk.nl\/site\/?page_id=11493"},"modified":"2025-09-29T12:30:07","modified_gmt":"2025-09-29T10:30:07","slug":"sponsoring","status":"publish","type":"page","link":"https:\/\/www.ons-stolwijk.nl\/site\/schoolinfo\/sponsoring\/","title":{"rendered":"Sponsoring"},"content":{"rendered":"\n<p>Samen met ouders en kinderen zetten we ons in voor anderen, maar ook andersom . We geven een indruk van sponsoring d\u00f2\u00f2r en v\u00f2\u00f2r de ONS.<\/p>\n\n\n\n<h4 class=\"wp-block-heading\">Projecten, verkoopacties en sponsoractiviteiten<\/h4>\n\n\n\n<p>Jaarlijks worden door verschillende instanties presentaties gegeven in diverse groepen. Verschillende groepen doen daarna een actie voor het goede doel. Denk daarbij aan Bartime\u00fcs, MAF, ZOA enz.<br>Tijdens projectweken of andere grote activiteiten wordt ook vaak een goede bestemming gekozen voor de opbrengsten van de activiteiten van kinderen. Zo willen we kinderen leren om iets te doen voor anderen.<\/p>\n\n\n\n<h4 class=\"wp-block-heading\">Stichting Woord en Daad<\/h4>\n\n\n<div class=\"wp-block-image\">\n<figure class=\"alignright\"><a href=\"https:\/\/www.woordendaad.nl\/\" target=\"_blank\" rel=\"noreferrer noopener\"><img loading=\"lazy\" decoding=\"async\" width=\"225\" height=\"225\" src=\"http:\/\/www.ons-stolwijk.nl\/site\/wp-content\/uploads\/2019\/06\/woord-en-daad-225x225.png\" alt=\"\" class=\"wp-image-11500\" srcset=\"https:\/\/www.ons-stolwijk.nl\/site\/wp-content\/uploads\/2019\/06\/woord-en-daad.png 225w, https:\/\/www.ons-stolwijk.nl\/site\/wp-content\/uploads\/2019\/06\/woord-en-daad-100x100.png 100w\" sizes=\"auto, (max-width: 225px) 100vw, 225px\" \/><\/a><\/figure>\n<\/div>\n\n\n<p>Elke maandagmorgen wordt er geld ingezameld voor de hierboven genoemde stichting. Het geven gebeurt op basis van vrijwilligheid. Zolang de banken in de nabijheid van school gesloten zijn willen we u vriendelijk vragen \u201cbonnetjes\u201d te kopen (overmaken via bank en te verkrijgen op school) zodat we zo min mogelijk contant geld op school hebben.<\/p>\n\n\n\n<p>De school heeft 7 individuele kinderen geadopteerd. Dat zijn jonge kinderen, die op onze kosten gevoed, gekleed en onderwezen worden. Hun ouders kunnen het onmogelijk zelf opbrengen. Dankzij de geweldige medewerking van ouders en kinderen is de opbrengst voldoende. Daarnaast worden af en toe giften gegeven aan incidentele doelen. Via info\u2019s wordt u daarvan op de hoogte gesteld.<\/p>\n\n\n\n<p><a href=\"https:\/\/www.woordendaad.nl\/\" target=\"_blank\" rel=\"noreferrer noopener\" aria-label=\"Stichting Ref. Hulpactie \u2018Woord &amp; Daad\u2019 (opent in een nieuwe tab)\">Stichting Ref. Hulpactie \u2018Woord &amp; Daad\u2019<\/a><br> Spijksedijk 18a<br> 4207 GN Gorinchem<br> Tel. (0183) 624288<\/p>\n\n\n\n<h4 class=\"wp-block-heading\">Advertenties Schoolkalender<\/h4>\n\n\n\n<p>In de jaarlijkse schoolkalender worden advertenties geplaatst van betrokken ondernemers die de school graag willen steunen.<\/p>\n\n\n\n<h4 class=\"wp-block-heading\">Tenslotte<\/h4>\n\n\n\n<p> Onze school is zeer terughoudend ten aanzien van structurele sponsoring door het bedrijfsleven. In de afgelopen jaren heeft af en toe een onderneming, rond het realiseren van een project, een schenking in natura gedaan. <\/p>\n\n\n\n<p>Op geen enkele wijze aanvaardt de school uit bovengenoemde activiteiten voortkomende verplichtingen, die de goede gang of kwaliteit van het onderwijs aantasten.<\/p>\n","protected":false},"excerpt":{"rendered":"<p>Samen met ouders en kinderen zetten we ons in voor anderen, maar ook andersom . We geven een indruk van sponsoring d\u00f2\u00f2r en v\u00f2\u00f2r de ONS. Projecten, verkoopacties en sponsoractiviteiten Jaarlijks worden door verschillende instanties presentaties gegeven in diverse groepen. Verschillende groepen doen daarna een actie voor het goede doel. Denk daarbij aan Bartime\u00fcs, MAF, &hellip; <\/p>\n<p class=\"link-more\"><a href=\"https:\/\/www.ons-stolwijk.nl\/site\/schoolinfo\/sponsoring\/\" class=\"more-link\"><span class=\"screen-reader-text\">&#8220;Sponsoring&#8221;<\/span> verder lezen<\/a><\/p>\n","protected":false},"author":2,"featured_media":0,"parent":172,"menu_order":0,"comment_status":"closed","ping_status":"closed","template":"","meta":{"ngg_post_thumbnail":0,"footnotes":""},"class_list":["post-11493","page","type-page","status-publish","hentry"],"_links":{"self":[{"href":"https:\/\/www.ons-stolwijk.nl\/site\/wp-json\/wp\/v2\/pages\/11493","targetHints":{"allow":["GET"]}}],"collection":[{"href":"https:\/\/www.ons-stolwijk.nl\/site\/wp-json\/wp\/v2\/pages"}],"about":[{"href":"https:\/\/www.ons-stolwijk.nl\/site\/wp-json\/wp\/v2\/types\/page"}],"author":[{"embeddable":true,"href":"https:\/\/www.ons-stolwijk.nl\/site\/wp-json\/wp\/v2\/users\/2"}],"replies":[{"embeddable":true,"href":"https:\/\/www.ons-stolwijk.nl\/site\/wp-json\/wp\/v2\/comments?post=11493"}],"version-history":[{"count":7,"href":"https:\/\/www.ons-stolwijk.nl\/site\/wp-json\/wp\/v2\/pages\/11493\/revisions"}],"predecessor-version":[{"id":12906,"href":"https:\/\/www.ons-stolwijk.nl\/site\/wp-json\/wp\/v2\/pages\/11493\/revisions\/12906"}],"up":[{"embeddable":true,"href":"https:\/\/www.ons-stolwijk.nl\/site\/wp-json\/wp\/v2\/pages\/172"}],"wp:attachment":[{"href":"https:\/\/www.ons-stolwijk.nl\/site\/wp-json\/wp\/v2\/media?parent=11493"}],"curies":[{"name":"wp","href":"https:\/\/api.w.org\/{rel}","templated":true}]}}